{"id":217444,"date":"2018-11-21T16:47:09","date_gmt":"2018-11-21T15:47:09","guid":{"rendered":"https:\/\/www.inisalga.com\/?page_id=217444"},"modified":"2018-11-27T10:55:15","modified_gmt":"2018-11-27T09:55:15","slug":"leadership-in-a-digital-age","status":"publish","type":"page","link":"https:\/\/www.inisalga.com\/en\/leadership-in-a-digital-age\/","title":{"rendered":"Article_2_Leadership in a digital age"},"content":{"rendered":"<p>[et_pb_section fb_built=&#8221;1&#8243; _builder_version=&#8221;3.16&#8243; background_color=&#8221;#000000&#8243; custom_margin=&#8221;-10px||-10px|&#8221; custom_padding=&#8221;0|0px|0|0px|false|false&#8221; global_module=&#8221;217304&#8243;][et_pb_row make_fullwidth=&#8221;on&#8221; custom_padding=&#8221;12px|0px|8px|0px|false|false&#8221; _builder_version=&#8221;3.16&#8243; background_size=&#8221;initial&#8221; background_position=&#8221;top_left&#8221; background_repeat=&#8221;repeat&#8221;][et_pb_column type=&#8221;4_4&#8243; _builder_version=&#8221;3.0.47&#8243; parallax=&#8221;off&#8221; parallax_method=&#8221;on&#8221;][et_pb_text _builder_version=&#8221;3.16&#8243; text_font=&#8221;Montserrat|300||on|||||&#8221; text_text_color=&#8221;#ff6600&#8243; text_font_size=&#8221;12px&#8221; text_font_size_tablet=&#8221;8px&#8221; text_font_size_phone=&#8221;6px&#8221; text_font_size_last_edited=&#8221;on|phone&#8221; text_letter_spacing=&#8221;1px&#8221; text_line_height=&#8221;4.9em&#8221; text_orientation=&#8221;right&#8221; link_option_url=&#8221; &#8220;]<\/p>\n<p style=\"text-align: right;\"><span style=\"color: #ffffff;\"><span style=\"margin-right: 1%;\"><a style=\"color: #ffffff;\" href=\"https:\/\/www.inisalga.com\/en\/\">HOME<\/a><\/span> <span style=\"margin-right: 1%;\"><a style=\"color: #ffffff;\" href=\"accueil\/#vous\">WHO WE SERVE\u00a0<\/a><\/span> <span style=\"margin-right: 1%;\"><a style=\"color: #ffffff;\" href=\"accueil\/#nous\">WHO WE ARE<\/a><\/span> <span style=\"margin-right: 1%;\"><a style=\"color: #ffffff;\" href=\"accueil\/#offre\">WHAT WE OFFER<\/a><\/span> <span style=\"margin-right: 1%;\"><a style=\"color: #ffffff;\" href=\"accueil\/#temoignages\">TESTIMONIALS<\/a><\/span><span style=\"margin-right: 1%;\"><a style=\"color: #ffffff;\" href=\"accueil\/#deontologie\">STANDARDS<\/a><\/span> <span style=\"margin-right: 1%;\"><a style=\"color: #ffffff;\" href=\"accueil\/#contribution\">PUBLICATIONS<\/a><\/span>\u00a0<span style=\"margin-right: 1%;\"><a style=\"color: #ffffff;\" href=\"accueil\/#contact\">CONTACT<\/a><\/span><\/span><\/p>\n<p>[\/et_pb_text][\/et_pb_column][\/et_pb_row][\/et_pb_section][et_pb_section fb_built=&#8221;1&#8243; _builder_version=&#8221;3.0.47&#8243; custom_padding=&#8221;100px|0px|54px|0px|false|false&#8221;][et_pb_row _builder_version=&#8221;3.0.48&#8243; background_size=&#8221;initial&#8221; background_position=&#8221;top_left&#8221; background_repeat=&#8221;repeat&#8221;][et_pb_column type=&#8221;2_3&#8243; _builder_version=&#8221;3.0.47&#8243; parallax=&#8221;off&#8221; parallax_method=&#8221;on&#8221;][et_pb_text admin_label=&#8221;TITRE&#8221; _builder_version=&#8221;3.16&#8243; text_font=&#8221;Montserrat|700||on|||||&#8221; text_text_color=&#8221;#ff6600&#8243; text_font_size=&#8221;20px&#8221; text_letter_spacing=&#8221;1px&#8221;]<\/p>\n<p>Leading in a digital age,<\/p>\n<p>[\/et_pb_text][et_pb_text admin_label=&#8221;SOUS TITRE&#8221; _builder_version=&#8221;3.16&#8243; text_font=&#8221;Montserrat|||on|||||&#8221; text_text_color=&#8221;#000000&#8243; text_font_size=&#8221;18px&#8221; text_letter_spacing=&#8221;1px&#8221; text_line_height=&#8221;1.2em&#8221; custom_margin=&#8221;-20px||&#8221;]<\/p>\n<p>How managing the small changes effectively is key<\/p>\n<p>[\/et_pb_text][et_pb_text admin_label=&#8221;INTRODUCTION&#8221; _builder_version=&#8221;3.16&#8243; text_font=&#8221;||on||||||&#8221; text_font_size=&#8221;16px&#8221; custom_margin=&#8221;0px||&#8221;]<\/p>\n<p>It is clear to everyone that we live in a world of digital disruption. This can lead us to think that in order to create any significant change in the world we need to enact radical change in our organizations. My research and discussion with senior leaders of organizations large and small suggests that while being able to create the next Uber or Spotify will clearly be life-changing for an individual and their customers, these are the outliers. For most of us, enabling change needs to be a continual process of small changes that cumulatively, over a period of time, will establish true shifts in our organizations.<\/p>\n<p>[\/et_pb_text][et_pb_text admin_label=&#8221;Paragraphe&#8221; _builder_version=&#8221;3.16&#8243;]<\/p>\n<p>Leadership in today\u2019s digital world requires managers and executives to make a series of small changes themselves. Firstly, we need to understand \u2018what is digital\u2019. There is a plethora of definitions, but for me it is accepting that the world we live in is global, fast, complex, connected and ever-changing, and any new product or service needs to be able to cope with those parameters.<\/p>\n<p>Underpinning this increasing velocity of change is the shift in culture that digital natives are bringing with them. For an organization to be optimising its opportunities it needs to be attracting talented people \u2013 and these people are much in demand; the key to talent retention is culture. Millennials have lost their corporate loyalty, no 20-something dreams of working for just one organization for life anymore. The best and brightest see life as a connected series of experiences that can fulfil them both professionally and personally. This means that chasing meaningless (as in without obvious social purpose) financial indicators over 12-15 hour days is not going to do it. I have seen talented youth walk out the door of companies in New York, Paris, Dubai and Shanghai for want of \u2018purpose\u2019, this is a global mindset these days. Real talent knows its worth, and knows it can find someone else to employ them somewhere else if they are disenchanted.<\/p>\n<p>Leaders in the digital age therefore need to \u2018walk the talk\u2019, and practice what they preach around culture.<\/p>\n<p>So what is required to lead in this agile, febrile environment? As with all leadership, the key is to \u2018get people on-board\u2019. This requires a clear vision and the energy to share it and so influence others. These are all easy to ask for, but much more difficult to deliver. Where does the vision come from? How do you ensure a supply of energy? What are the best methods to share the vision to your organization? How can you ensure that this will influence them to act?<\/p>\n<p>These are not simple activities to teach. Being \u2018affective\u2019 or emotional responses they require an initial awareness of the issues and then to build on those with incremental changes in behaviour and processes. They require the successful leader to be curious, humble and perceptive. These are not dispositions that are fostered in the fast-paced, fire-fighting, fraught environment that is the modern office. It is therefore necessary for today\u2019s digital leaders to remove themselves regularly from that environment to \u2018clear their head\u2019 of the daily noise of business. One successful CEO I know, goes to the museum every Friday afternoon, not for relaxation, but to allow his mind to make the connections that it cannot do in the office. \u201cThis is what I\u2019m paid for \u2013 to make sense of the business environment and see innovative ways forward\u201d he tells me. The museum environment allows both the peace to think freely, and also the external stimulus to think creatively.<\/p>\n<p>The modern leader needs to equally promote the \u2018Serve Culture\u2019, where he is the enabler of change but not necessarily the implementer. He needs to hear as many insights and stories as possible from people, both inside and external to the organization, and synthesize that to create his vision. Then he needs to set the environment where others can put the vision into practice. By setting the right culture you will bring energy to others and they will want to deliver it.<\/p>\n<p>There is an important connection between the perception of the new digital world and the natural world. Both environments require a higher level of respect and awareness of vulnerable relationships in each ecosystem. This brings a need for greater cross-boundary collaboration. The digital leader needs to go from being ego-friendly to eco-friendly.<\/p>\n<p>These are all manageable things to achieve. They do not require radical disruption, but can be brought about by small changes. So what are the little changes you are ready to make to improve your organization\u2019s culture?<\/p>\n<p>[\/et_pb_text][et_pb_image src=&#8221;https:\/\/www.inisalga.com\/wp-content\/uploads\/2018\/11\/ENG_leading-in-digital-age-1.png&#8221; align=&#8221;center&#8221; _builder_version=&#8221;3.16&#8243;][\/et_pb_image][\/et_pb_column][et_pb_column type=&#8221;1_3&#8243; _builder_version=&#8221;3.0.47&#8243; parallax=&#8221;off&#8221; parallax_method=&#8221;on&#8221;][et_pb_image src=&#8221;https:\/\/www.inisalga.com\/wp-content\/uploads\/2018\/10\/Beretta.png&#8221; _builder_version=&#8221;3.16&#8243; max_width=&#8221;65%&#8221; module_alignment=&#8221;left&#8221;][\/et_pb_image][et_pb_text _builder_version=&#8221;3.16&#8243; text_font=&#8221;||on||||||&#8221; text_text_color=&#8221;#ff6600&#8243; text_font_size=&#8221;10px&#8221; text_letter_spacing=&#8221;1px&#8221; text_orientation=&#8221;right&#8221; custom_margin=&#8221;|0px|6px|15px&#8221;]<\/p>\n<p style=\"text-align: left;\">Written by<\/p>\n<p>[\/et_pb_text][et_pb_text _builder_version=&#8221;3.16&#8243; text_text_color=&#8221;#000000&#8243; text_font_size=&#8221;10px&#8221; text_line_height=&#8221;1em&#8221; header_2_font=&#8221;|600||on|||||&#8221; header_2_font_size=&#8221;16px&#8221; header_2_letter_spacing=&#8221;2px&#8221; custom_margin=&#8221;|||15px&#8221;]<\/p>\n<h2 style=\"text-align: left;\">Marc Beretta<\/h2>\n<p style=\"text-align: left;\">Academic\u00a0Director at HEC Paris<\/p>\n<p>[\/et_pb_text][et_pb_text disabled_on=&#8221;on|on|on&#8221; admin_label=&#8221;Mini Bio MB&#8221; _builder_version=&#8221;3.16&#8243; text_font_size=&#8221;10px&#8221; custom_margin=&#8221;|||15px&#8221; saved_tabs=&#8221;all&#8221;]<\/p>\n<p style=\"text-align: left;\">Directeur acad\u00e9mique \u00e0 HEC Paris, il y intervient sur les th\u00e8mes du Management, du Leadership et du D\u00e9veloppement Personnel aupr\u00e8s des programmes Executives depuis 2009. Executive Coach \u00e0 l\u2019international depuis pr\u00e8s de 15 ans, il accompagne depuis 2012 les participants de TRIUM, le Global Executive MBA de HEC Paris, New York University (NYU) et London School of Economics (LSE), dans leur \u00e9volution\u00a0professionnelle et personnelle ; il y est membre du corps professoral (Faculty).<\/p>\n<p style=\"text-align: left;\">Dipl\u00f4m\u00e9 de l\u2019ESCP, il est certifi\u00e9 \u00ab\u00a0Master Coach\u00a0\u00bb (MCC) par la F\u00e9d\u00e9ration Internationale de Coaching (ICF), \u00ab\u00a0Coach Professionnel\u00a0\u00bb par le RNCP, praticien MBTI<sup>\u00ae<\/sup>\u00a0et Experience Change<sup>\u00ae<\/sup>. Il\u00a0 a \u00e9t\u00e9 form\u00e9 \u00e0 la psychologie (Analyse Transactionnelle).<\/p>\n<p style=\"text-align: left;\"><strong>Il croit que de petits changements peuvent faire une grande diff\u00e9rence.<\/strong><\/p>\n<p>[\/et_pb_text][et_pb_text disabled_on=&#8221;on|on|on&#8221; _builder_version=&#8221;3.16&#8243; text_font=&#8221;||||||||&#8221; text_text_color=&#8221;#ff6600&#8243; custom_margin=&#8221;|||15px&#8221;]<em>Article apparu sur le site <\/em><br \/>\n<em>Les Echos Solutions, <\/em><br \/>\n<em>le 31 mai 2018, mis \u00e0 jour le 5 juin 2018<\/em><br \/>\n[\/et_pb_text][\/et_pb_column][\/et_pb_row][et_pb_row custom_padding=&#8221;92px|0px|27px|0px|false|false&#8221; _builder_version=&#8221;3.16&#8243;][et_pb_column type=&#8221;1_2&#8243; _builder_version=&#8221;3.0.47&#8243; parallax=&#8221;off&#8221; parallax_method=&#8221;on&#8221;][et_pb_text _builder_version=&#8221;3.16&#8243; text_font=&#8221;Montserrat||on|on|||||&#8221; text_text_color=&#8221;#000000&#8243; text_letter_spacing=&#8221;1px&#8221; border_width_bottom=&#8221;1px&#8221; border_color_bottom=&#8221;#ff6600&#8243; saved_tabs=&#8221;all&#8221;]<\/p>\n<p style=\"text-align: left;\"><span style=\"color: #000000;\"><a style=\"color: #000000;\" href=\"https:\/\/www.inisalga.com\/en\/#contribution\">Back to home page<\/a><\/span><\/p>\n<p>[\/et_pb_text][\/et_pb_column][et_pb_column type=&#8221;1_2&#8243; _builder_version=&#8221;3.0.47&#8243; parallax=&#8221;off&#8221; parallax_method=&#8221;on&#8221;][et_pb_text disabled_on=&#8221;off|off|off&#8221; _builder_version=&#8221;3.16&#8243; text_font=&#8221;Montserrat||on|on|||||&#8221; text_text_color=&#8221;#000000&#8243; text_letter_spacing=&#8221;1px&#8221; border_width_bottom=&#8221;1px&#8221; border_color_bottom=&#8221;#ff6600&#8243;]<\/p>\n<p style=\"text-align: right;\"><a href=\"https:\/\/www.inisalga.com\/en\/publications\/\"><\/a>all articles<\/p>\n<p>[\/et_pb_text][\/et_pb_column][\/et_pb_row][\/et_pb_section][et_pb_section fb_built=&#8221;1&#8243; module_id=&#8221;contact&#8221; _builder_version=&#8221;3.16&#8243; background_color=&#8221;#000000&#8243; custom_padding=&#8221;54px|0px|60px|0px|false|false&#8221; global_module=&#8221;217045&#8243;][et_pb_row custom_padding=&#8221;99px|0px|27px|0px|false|false&#8221; _builder_version=&#8221;3.7&#8243; background_size=&#8221;initial&#8221; background_position=&#8221;top_left&#8221; background_repeat=&#8221;repeat&#8221;][et_pb_column type=&#8221;4_4&#8243; _builder_version=&#8221;3.0.47&#8243; parallax=&#8221;off&#8221; parallax_method=&#8221;on&#8221;][et_pb_text _builder_version=&#8221;3.16&#8243; text_font=&#8221;|600||on|||||&#8221; text_text_color=&#8221;#ff6600&#8243; text_font_size=&#8221;24px&#8221; text_letter_spacing=&#8221;4px&#8221;]<\/p>\n<p style=\"text-align: center;\">contact<\/p>\n<p>[\/et_pb_text][et_pb_text _builder_version=&#8221;3.16&#8243; text_font=&#8221;||||||||&#8221; text_text_color=&#8221;#f5f5f5&#8243; text_font_size=&#8221;18px&#8221; text_font_size_tablet=&#8221;16px&#8221; text_font_size_last_edited=&#8221;on|tablet&#8221; custom_margin=&#8221;60px||40px||false&#8221;]<\/p>\n<p style=\"text-align: center;\">Inis alga means \u201cnoble island\u201d in Celtic:<\/p>\n<p style=\"text-align: center;\">It represents the best version of oneself, a destination yet undiscovered.<\/p>\n<p style=\"text-align: center;\">Let us guide you to your Inis Alga!<\/p>\n<p>[\/et_pb_text][\/et_pb_column][\/et_pb_row][et_pb_row custom_padding=&#8221;27px|0px|62px|0px|false|false&#8221; _builder_version=&#8221;3.16&#8243; link_option_url=&#8221;mailto:contact@inisalga.com&#8221; link_option_url_new_window=&#8221;on&#8221;][et_pb_column type=&#8221;4_4&#8243; _builder_version=&#8221;3.0.47&#8243; parallax=&#8221;off&#8221; parallax_method=&#8221;on&#8221;][et_pb_text _builder_version=&#8221;3.7&#8243; text_font=&#8221;|||on|||||&#8221; text_text_color=&#8221;#f66c28&#8243; text_font_size=&#8221;15px&#8221; text_letter_spacing=&#8221;4px&#8221; text_line_height=&#8221;1.1em&#8221; custom_margin=&#8221;-18px||60px|&#8221;]<\/p>\n<p style=\"text-align: center;\">contact@inisalga.com<\/p>\n<p>[\/et_pb_text][et_pb_text _builder_version=&#8221;3.16&#8243; text_font=&#8221;||||||||&#8221; text_text_color=&#8221;#9c9d9f&#8221; text_font_size=&#8221;12px&#8221;]<\/p>\n<p style=\"text-align: center;\">Barcelona &#8211; Bruxelles\u00a0 &#8211; Dubai &#8211; London &#8211; Paris &#8211; Stockholm<\/p>\n<p>[\/et_pb_text][\/et_pb_column][\/et_pb_row][et_pb_row use_custom_gutter=&#8221;on&#8221; _builder_version=&#8221;3.7&#8243;][et_pb_column type=&#8221;1_2&#8243; _builder_version=&#8221;3.0.47&#8243; parallax=&#8221;off&#8221; parallax_method=&#8221;on&#8221;][et_pb_text _builder_version=&#8221;3.16&#8243; text_font=&#8221;|||on|||||&#8221; text_text_color=&#8221;#f5f5f5&#8243; text_font_size=&#8221;12px&#8221; text_letter_spacing=&#8221;3px&#8221; text_line_height=&#8221;2em&#8221; header_text_color=&#8221;#f5f5f5&#8243; border_width_bottom=&#8221;1px&#8221; border_color_bottom=&#8221;#f66c28&#8243; background_layout=&#8221;dark&#8221;]<\/p>\n<p style=\"text-align: left;\"><span style=\"color: #ffffff;\"><a style=\"color: #ffffff;\" href=\"https:\/\/www.inisalga.com\/en\/confidentiality\/\" target=\"_blank\" rel=\"noopener noreferrer\"><em>confidentiality<\/em><\/a><\/span><\/p>\n<p style=\"text-align: center;\">[\/et_pb_text][\/et_pb_column][et_pb_column type=&#8221;1_2&#8243; _builder_version=&#8221;3.0.47&#8243; parallax=&#8221;off&#8221; parallax_method=&#8221;on&#8221;][et_pb_text _builder_version=&#8221;3.16&#8243; text_font=&#8221;|||on|||||&#8221; text_text_color=&#8221;#f5f5f5&#8243; text_font_size=&#8221;12px&#8221; text_letter_spacing=&#8221;3px&#8221; text_line_height=&#8221;2em&#8221; header_text_color=&#8221;#f5f5f5&#8243; border_width_bottom=&#8221;1px&#8221; border_color_bottom=&#8221;#f66c28&#8243; background_layout=&#8221;dark&#8221;]<\/p>\n<p style=\"text-align: right;\"><span style=\"color: #ffffff;\"><a style=\"color: #ffffff;\" href=\"https:\/\/www.inisalga.com\/en\/legal\/\" target=\"_blank\" rel=\"noopener noreferrer\"><em>Legal<\/em><\/a><\/span><\/p>\n<p style=\"text-align: center;\">[\/et_pb_text][\/et_pb_column][\/et_pb_row][\/et_pb_section]<\/p>\n","protected":false},"excerpt":{"rendered":"<p>HOME WHO WE SERVE\u00a0 WHO WE ARE WHAT WE OFFER TESTIMONIALSSTANDARDS PUBLICATIONS\u00a0CONTACTLeading in a digital age,How managing the small changes effectively is keyIt is clear to everyone that we live in a world of digital disruption. This can lead us to think that in order to create any significant change in the world we need [&hellip;]<\/p>\n","protected":false},"author":3,"featured_media":0,"parent":0,"menu_order":0,"comment_status":"closed","ping_status":"closed","template":"page-template-blank.php","meta":{"_et_pb_use_builder":"on","_et_pb_old_content":"","_et_gb_content_width":"","footnotes":""},"class_list":["post-217444","page","type-page","status-publish","hentry"],"yoast_head":"<!-- This site is optimized with the Yoast SEO plugin v27.0 - https:\/\/yoast.com\/product\/yoast-seo-wordpress\/ -->\n<title>Article_2_Leadership in a digital age - inisalga.com<\/title>\n<meta name=\"robots\" content=\"index, follow, max-snippet:-1, max-image-preview:large, max-video-preview:-1\" \/>\n<link rel=\"canonical\" href=\"https:\/\/www.inisalga.com\/en\/leadership-in-a-digital-age\/\" \/>\n<meta property=\"og:locale\" content=\"en_US\" \/>\n<meta property=\"og:type\" content=\"article\" \/>\n<meta property=\"og:title\" content=\"Article_2_Leadership in a digital age - inisalga.com\" \/>\n<meta property=\"og:description\" content=\"HOME WHO WE SERVE\u00a0 WHO WE ARE WHAT WE OFFER TESTIMONIALSSTANDARDS PUBLICATIONS\u00a0CONTACTLeading in a digital age,How managing the small changes effectively is keyIt is clear to everyone that we live in a world of digital disruption. This can lead us to think that in order to create any significant change in the world we need [&hellip;]\" \/>\n<meta property=\"og:url\" content=\"https:\/\/www.inisalga.com\/en\/leadership-in-a-digital-age\/\" \/>\n<meta property=\"og:site_name\" content=\"inisalga.com\" \/>\n<meta property=\"article:modified_time\" content=\"2018-11-27T09:55:15+00:00\" \/>\n<meta name=\"twitter:card\" content=\"summary_large_image\" \/>\n<meta name=\"twitter:label1\" content=\"Est. reading time\" \/>\n\t<meta name=\"twitter:data1\" content=\"9 minutes\" \/>\n<script type=\"application\/ld+json\" class=\"yoast-schema-graph\">{\"@context\":\"https:\/\/schema.org\",\"@graph\":[{\"@type\":\"WebPage\",\"@id\":\"https:\/\/www.inisalga.com\/en\/leadership-in-a-digital-age\/\",\"url\":\"https:\/\/www.inisalga.com\/en\/leadership-in-a-digital-age\/\",\"name\":\"Article_2_Leadership in a digital age - inisalga.com\",\"isPartOf\":{\"@id\":\"https:\/\/www.inisalga.com\/#website\"},\"datePublished\":\"2018-11-21T15:47:09+00:00\",\"dateModified\":\"2018-11-27T09:55:15+00:00\",\"breadcrumb\":{\"@id\":\"https:\/\/www.inisalga.com\/en\/leadership-in-a-digital-age\/#breadcrumb\"},\"inLanguage\":\"en-US\",\"potentialAction\":[{\"@type\":\"ReadAction\",\"target\":[\"https:\/\/www.inisalga.com\/en\/leadership-in-a-digital-age\/\"]}]},{\"@type\":\"BreadcrumbList\",\"@id\":\"https:\/\/www.inisalga.com\/en\/leadership-in-a-digital-age\/#breadcrumb\",\"itemListElement\":[{\"@type\":\"ListItem\",\"position\":1,\"name\":\"Accueil\",\"item\":\"https:\/\/www.inisalga.com\/en\/\"},{\"@type\":\"ListItem\",\"position\":2,\"name\":\"Article_2_Leadership in a digital age\"}]},{\"@type\":\"WebSite\",\"@id\":\"https:\/\/www.inisalga.com\/#website\",\"url\":\"https:\/\/www.inisalga.com\/\",\"name\":\"inisalga.com\",\"description\":\"Enlightening your talents, co-creating your future\",\"potentialAction\":[{\"@type\":\"SearchAction\",\"target\":{\"@type\":\"EntryPoint\",\"urlTemplate\":\"https:\/\/www.inisalga.com\/?s={search_term_string}\"},\"query-input\":{\"@type\":\"PropertyValueSpecification\",\"valueRequired\":true,\"valueName\":\"search_term_string\"}}],\"inLanguage\":\"en-US\"}]}<\/script>\n<!-- \/ Yoast SEO plugin. -->","yoast_head_json":{"title":"Article_2_Leadership in a digital age - inisalga.com","robots":{"index":"index","follow":"follow","max-snippet":"max-snippet:-1","max-image-preview":"max-image-preview:large","max-video-preview":"max-video-preview:-1"},"canonical":"https:\/\/www.inisalga.com\/en\/leadership-in-a-digital-age\/","og_locale":"en_US","og_type":"article","og_title":"Article_2_Leadership in a digital age - inisalga.com","og_description":"HOME WHO WE SERVE\u00a0 WHO WE ARE WHAT WE OFFER TESTIMONIALSSTANDARDS PUBLICATIONS\u00a0CONTACTLeading in a digital age,How managing the small changes effectively is keyIt is clear to everyone that we live in a world of digital disruption. This can lead us to think that in order to create any significant change in the world we need [&hellip;]","og_url":"https:\/\/www.inisalga.com\/en\/leadership-in-a-digital-age\/","og_site_name":"inisalga.com","article_modified_time":"2018-11-27T09:55:15+00:00","twitter_card":"summary_large_image","twitter_misc":{"Est. reading time":"9 minutes"},"schema":{"@context":"https:\/\/schema.org","@graph":[{"@type":"WebPage","@id":"https:\/\/www.inisalga.com\/en\/leadership-in-a-digital-age\/","url":"https:\/\/www.inisalga.com\/en\/leadership-in-a-digital-age\/","name":"Article_2_Leadership in a digital age - inisalga.com","isPartOf":{"@id":"https:\/\/www.inisalga.com\/#website"},"datePublished":"2018-11-21T15:47:09+00:00","dateModified":"2018-11-27T09:55:15+00:00","breadcrumb":{"@id":"https:\/\/www.inisalga.com\/en\/leadership-in-a-digital-age\/#breadcrumb"},"inLanguage":"en-US","potentialAction":[{"@type":"ReadAction","target":["https:\/\/www.inisalga.com\/en\/leadership-in-a-digital-age\/"]}]},{"@type":"BreadcrumbList","@id":"https:\/\/www.inisalga.com\/en\/leadership-in-a-digital-age\/#breadcrumb","itemListElement":[{"@type":"ListItem","position":1,"name":"Accueil","item":"https:\/\/www.inisalga.com\/en\/"},{"@type":"ListItem","position":2,"name":"Article_2_Leadership in a digital age"}]},{"@type":"WebSite","@id":"https:\/\/www.inisalga.com\/#website","url":"https:\/\/www.inisalga.com\/","name":"inisalga.com","description":"Enlightening your talents, co-creating your future","potentialAction":[{"@type":"SearchAction","target":{"@type":"EntryPoint","urlTemplate":"https:\/\/www.inisalga.com\/?s={search_term_string}"},"query-input":{"@type":"PropertyValueSpecification","valueRequired":true,"valueName":"search_term_string"}}],"inLanguage":"en-US"}]}},"_links":{"self":[{"href":"https:\/\/www.inisalga.com\/en\/wp-json\/wp\/v2\/pages\/217444","targetHints":{"allow":["GET"]}}],"collection":[{"href":"https:\/\/www.inisalga.com\/en\/wp-json\/wp\/v2\/pages"}],"about":[{"href":"https:\/\/www.inisalga.com\/en\/wp-json\/wp\/v2\/types\/page"}],"author":[{"embeddable":true,"href":"https:\/\/www.inisalga.com\/en\/wp-json\/wp\/v2\/users\/3"}],"replies":[{"embeddable":true,"href":"https:\/\/www.inisalga.com\/en\/wp-json\/wp\/v2\/comments?post=217444"}],"version-history":[{"count":0,"href":"https:\/\/www.inisalga.com\/en\/wp-json\/wp\/v2\/pages\/217444\/revisions"}],"wp:attachment":[{"href":"https:\/\/www.inisalga.com\/en\/wp-json\/wp\/v2\/media?parent=217444"}],"curies":[{"name":"wp","href":"https:\/\/api.w.org\/{rel}","templated":true}]}}